{"id":6594,"date":"2025-12-15T22:26:08","date_gmt":"2025-12-15T22:26:08","guid":{"rendered":"https:\/\/cadredevie.sn\/?page_id=6594"},"modified":"2026-02-10T14:18:44","modified_gmt":"2026-02-10T14:18:44","slug":"mot-du-directeur-general","status":"publish","type":"page","link":"https:\/\/cadredevie.sn\/index.php\/mot-du-directeur-general\/","title":{"rendered":"Mot du Directeur G\u00e9n\u00e9ral"},"content":{"rendered":"\t\t<div data-elementor-type=\"wp-page\" data-elementor-id=\"6594\" class=\"elementor elementor-6594\">\n\t\t\t\t\t\t<section class=\"elementor-section elementor-top-section elementor-element elementor-element-b8a81b9 elementor-section-stretched elementor-section-boxed elementor-section-height-default elementor-section-height-default\" data-id=\"b8a81b9\" data-element_type=\"section\" data-e-type=\"section\" data-settings=\"{&quot;background_background&quot;:&quot;slideshow&quot;,&quot;stretch_section&quot;:&quot;section-stretched&quot;,&quot;background_slideshow_gallery&quot;:[{&quot;id&quot;:8144,&quot;url&quot;:&quot;http:\\\/\\\/cadredevie.sn\\\/wp-content\\\/uploads\\\/2026\\\/02\\\/Design-sans-titre-28-1.png&quot;}],&quot;background_slideshow_slide_duration&quot;:9000,&quot;background_slideshow_ken_burns&quot;:&quot;yes&quot;,&quot;animation&quot;:&quot;none&quot;,&quot;background_slideshow_loop&quot;:&quot;yes&quot;,&quot;background_slideshow_slide_transition&quot;:&quot;fade&quot;,&quot;background_slideshow_transition_duration&quot;:500,&quot;background_slideshow_ken_burns_zoom_direction&quot;:&quot;in&quot;}\">\n\t\t\t\t\t\t\t<div class=\"elementor-background-overlay\"><\/div>\n\t\t\t\t\t\t\t<div class=\"elementor-container elementor-column-gap-default\">\n\t\t\t\t\t<div class=\"elementor-column elementor-col-100 elementor-top-column elementor-element elementor-element-fddeee4\" data-id=\"fddeee4\" data-element_type=\"column\" data-e-type=\"column\">\n\t\t\t<div class=\"elementor-widget-wrap elementor-element-populated\">\n\t\t\t\t\t\t<div class=\"elementor-element elementor-element-0005a88 elementor-widget elementor-widget-heading\" data-id=\"0005a88\" data-element_type=\"widget\" data-e-type=\"widget\" data-widget_type=\"heading.default\">\n\t\t\t\t\t<h2 class=\"elementor-heading-title elementor-size-default\">MOT DU DIRECTEUR G\u00c9N\u00c9RAL<\/h2>\t\t\t\t<\/div>\n\t\t\t\t\t<\/div>\n\t\t<\/div>\n\t\t\t\t\t<\/div>\n\t\t<\/section>\n\t\t<div class=\"elementor-element elementor-element-bf97068 e-con-full elementor-hidden-tablet e-flex e-con e-parent\" data-id=\"bf97068\" data-element_type=\"container\" data-e-type=\"container\">\n\t\t<div class=\"elementor-element elementor-element-731f4e9 e-con-full e-flex e-con e-child\" data-id=\"731f4e9\" data-element_type=\"container\" data-e-type=\"container\">\n\t\t\t\t<div class=\"elementor-element elementor-element-1fd8c9c elementor-widget elementor-widget-text-editor\" data-id=\"1fd8c9c\" data-element_type=\"widget\" data-e-type=\"widget\" data-widget_type=\"text-editor.default\">\n\t\t\t\t\t\t\t\t\t<p data-start=\"862\" data-end=\"906\"><strong data-start=\"862\" data-end=\"906\">Ch\u00e8res concitoyennes,<br \/><\/strong><strong data-start=\"862\" data-end=\"906\">chers concitoyens,<br \/>\u2014\u2014\u2014<br \/><\/strong><\/p><p data-start=\"381\" data-end=\"814\">L\u2019am\u00e9lioration du cadre de vie constitue aujourd\u2019hui l\u2019un des leviers essentiels du d\u00e9veloppement durable de notre pays. Elle touche \u00e0 notre sant\u00e9, \u00e0 notre s\u00e9curit\u00e9, \u00e0 notre qualit\u00e9 de vie, mais aussi \u00e0 l\u2019image que nous souhaitons projeter du S\u00e9n\u00e9gal : un pays moderne, propre et tourn\u00e9 vers l\u2019avenir.<br data-start=\"682\" data-end=\"685\" \/>C\u2019est dans cet esprit que la Direction g\u00e9n\u00e9rale du Cadre de Vie (DGCV) \u0153uvre au quotidien, avec d\u00e9termination et sens du service public.<\/p><p data-start=\"819\" data-end=\"1149\">Notre mission est claire : transformer nos espaces publics pour les rendre plus fonctionnels, plus s\u00e9curis\u00e9s, plus agr\u00e9ables et plus respectueux de l\u2019environnement.<br data-start=\"983\" data-end=\"986\" \/>Nous travaillons pour des villes mieux am\u00e9nag\u00e9es, o\u00f9 chaque citoyenne et chaque citoyen peut circuler, se d\u00e9placer et vivre dans un environnement sain et organis\u00e9.<\/p><p data-start=\"1154\" data-end=\"1473\">Cette ambition se traduit par des actions fortes :<br data-start=\"1204\" data-end=\"1207\" \/>\u2013 la cr\u00e9ation et la r\u00e9habilitation d\u2019espaces publics,\u00a0<br data-start=\"1260\" data-end=\"1263\" \/>\u2013 la v\u00e9g\u00e9talisation et l\u2019embellissement de nos quartiers,\u00a0<br data-start=\"1320\" data-end=\"1323\" \/>\u2013 la gestion durable des d\u00e9chets,<br data-start=\"1356\" data-end=\"1359\" \/>\u2013 la lutte contre l\u2019occupation anarchique du domaine public,<br data-start=\"1419\" data-end=\"1422\" \/>\u2013 la promotion de comportements \u00e9co-responsables.<\/p>\t\t\t\t\t\t\t\t<\/div>\n\t\t\t\t<\/div>\n\t\t<div class=\"elementor-element elementor-element-9c84f4a e-con-full e-flex e-con e-child\" data-id=\"9c84f4a\" data-element_type=\"container\" data-e-type=\"container\">\n\t\t\t\t<div class=\"elementor-element elementor-element-a5c8209 elementor-widget elementor-widget-image\" data-id=\"a5c8209\" data-element_type=\"widget\" data-e-type=\"widget\" data-widget_type=\"image.default\">\n\t\t\t\t\t\t\t\t\t\t\t\t\t\t\t<img fetchpriority=\"high\" decoding=\"async\" width=\"483\" height=\"638\" src=\"https:\/\/cadredevie.sn\/wp-content\/uploads\/2025\/12\/Photo-DG.png\" class=\"attachment-large size-large wp-image-6493\" alt=\"\" srcset=\"https:\/\/cadredevie.sn\/wp-content\/uploads\/2025\/12\/Photo-DG.png 483w, https:\/\/cadredevie.sn\/wp-content\/uploads\/2025\/12\/Photo-DG-227x300.png 227w, https:\/\/cadredevie.sn\/wp-content\/uploads\/2025\/12\/Photo-DG-454x600.png 454w, https:\/\/cadredevie.sn\/wp-content\/uploads\/2025\/12\/Photo-DG-424x560.png 424w\" sizes=\"(max-width: 483px) 100vw, 483px\" \/>\t\t\t\t\t\t\t\t\t\t\t\t\t\t\t<\/div>\n\t\t\t\t<\/div>\n\t\t\t\t<\/div>\n\t\t<div class=\"elementor-element elementor-element-b24b061 e-con-full elementor-hidden-desktop elementor-hidden-mobile e-flex e-con e-parent\" data-id=\"b24b061\" data-element_type=\"container\" data-e-type=\"container\">\n\t\t<div class=\"elementor-element elementor-element-f42b073 e-con-full e-flex e-con e-child\" data-id=\"f42b073\" data-element_type=\"container\" data-e-type=\"container\">\n\t\t\t\t<div class=\"elementor-element elementor-element-291aaea elementor-widget elementor-widget-text-editor\" data-id=\"291aaea\" data-element_type=\"widget\" data-e-type=\"widget\" data-widget_type=\"text-editor.default\">\n\t\t\t\t\t\t\t\t\t<p data-start=\"862\" data-end=\"906\"><strong data-start=\"862\" data-end=\"906\">Ch\u00e8res concitoyennes,<br \/><\/strong><strong data-start=\"862\" data-end=\"906\">chers concitoyens,<br \/>\u2014\u2014\u2014<br \/><\/strong><\/p><p data-start=\"381\" data-end=\"814\">L\u2019am\u00e9lioration du cadre de vie constitue aujourd\u2019hui l\u2019un des leviers essentiels du d\u00e9veloppement durable de notre pays. Elle touche \u00e0 notre sant\u00e9, \u00e0 notre s\u00e9curit\u00e9, \u00e0 notre qualit\u00e9 de vie, mais aussi \u00e0 l\u2019image que nous souhaitons projeter du S\u00e9n\u00e9gal : un pays moderne, propre et tourn\u00e9 vers l\u2019avenir.<br data-start=\"682\" data-end=\"685\" \/>C\u2019est dans cet esprit que la Direction g\u00e9n\u00e9rale du Cadre de Vie (DGCV) \u0153uvre au quotidien, avec d\u00e9termination et sens du service public.<\/p><p data-start=\"819\" data-end=\"1149\">Notre mission est claire : transformer nos espaces publics pour les rendre plus fonctionnels, plus s\u00e9curis\u00e9s, plus agr\u00e9ables et plus respectueux de l\u2019environnement.<br data-start=\"983\" data-end=\"986\" \/>Nous travaillons pour des villes mieux am\u00e9nag\u00e9es, o\u00f9 chaque citoyenne et chaque citoyen peut circuler, se d\u00e9placer et vivre dans un environnement sain et organis\u00e9.<\/p><p data-start=\"1154\" data-end=\"1473\">Cette ambition se traduit par des actions fortes :<br data-start=\"1204\" data-end=\"1207\" \/>\u2013 la cr\u00e9ation et la r\u00e9habilitation d\u2019espaces publics,\u00a0<br data-start=\"1260\" data-end=\"1263\" \/>\u2013 la v\u00e9g\u00e9talisation et l\u2019embellissement de nos quartiers,\u00a0<br data-start=\"1320\" data-end=\"1323\" \/>\u2013 la gestion durable des d\u00e9chets,<br data-start=\"1356\" data-end=\"1359\" \/>\u2013 la lutte contre l\u2019occupation anarchique du domaine public,<br data-start=\"1419\" data-end=\"1422\" \/>\u2013 la promotion de comportements \u00e9co-responsables.<\/p>\t\t\t\t\t\t\t\t<\/div>\n\t\t\t\t<\/div>\n\t\t<div class=\"elementor-element elementor-element-4d26d57 e-con-full e-flex e-con e-child\" data-id=\"4d26d57\" data-element_type=\"container\" data-e-type=\"container\">\n\t\t\t\t<div class=\"elementor-element elementor-element-be601a8 elementor-widget elementor-widget-image\" data-id=\"be601a8\" data-element_type=\"widget\" data-e-type=\"widget\" data-widget_type=\"image.default\">\n\t\t\t\t\t\t\t\t\t\t\t\t\t\t\t<img fetchpriority=\"high\" decoding=\"async\" width=\"483\" height=\"638\" src=\"https:\/\/cadredevie.sn\/wp-content\/uploads\/2025\/12\/Photo-DG.png\" class=\"attachment-large size-large wp-image-6493\" alt=\"\" srcset=\"https:\/\/cadredevie.sn\/wp-content\/uploads\/2025\/12\/Photo-DG.png 483w, https:\/\/cadredevie.sn\/wp-content\/uploads\/2025\/12\/Photo-DG-227x300.png 227w, https:\/\/cadredevie.sn\/wp-content\/uploads\/2025\/12\/Photo-DG-454x600.png 454w, https:\/\/cadredevie.sn\/wp-content\/uploads\/2025\/12\/Photo-DG-424x560.png 424w\" sizes=\"(max-width: 483px) 100vw, 483px\" \/>\t\t\t\t\t\t\t\t\t\t\t\t\t\t\t<\/div>\n\t\t\t\t<\/div>\n\t\t\t\t<\/div>\n\t\t<div class=\"elementor-element elementor-element-d272591 e-con-full e-flex e-con e-parent\" data-id=\"d272591\" data-element_type=\"container\" data-e-type=\"container\">\n\t\t\t\t<div class=\"elementor-element elementor-element-94418e3 elementor-widget elementor-widget-text-editor\" data-id=\"94418e3\" data-element_type=\"widget\" data-e-type=\"widget\" data-widget_type=\"text-editor.default\">\n\t\t\t\t\t\t\t\t\t<p data-start=\"1475\" data-end=\"1650\"><br \/>Ces initiatives ne visent pas seulement \u00e0 am\u00e9liorer le quotidien : elles participent \u00e0 redonner de la coh\u00e9rence, de l\u2019esth\u00e9tique et de l\u2019ordre dans nos environnements urbains.<\/p><p>Promouvoir l\u2019\u00e9cocitoyennet\u00e9 constitue \u00e9galement l\u2019un de nos axes prioritaires. Le cadre de vie est un patrimoine collectif ; sa pr\u00e9servation d\u00e9pend de l\u2019engagement de chacun.<br data-start=\"1829\" data-end=\"1832\" \/>Par l\u2019information, la sensibilisation et l\u2019\u00e9ducation, nous accompagnons une prise de conscience n\u00e9cessaire pour faire \u00e9voluer durablement les comportements.<\/p><p data-start=\"1993\" data-end=\"2287\">\u00c0 travers nos programmes phares \u2013 YEETE, X\u00c0LL YOON, TAARAL, NAATAL et SETAL SUNU GOX \u2013 la DGCV porte une vision ambitieuse : celle d\u2019un S\u00e9n\u00e9gal propre, r\u00e9silient, harmonieux et pleinement inscrit dans la trajectoire d\u2019\u00e9mergence fix\u00e9e par les plus hautes autorit\u00e9s de l\u2019\u00c9tat.<\/p><p data-start=\"2292\" data-end=\"2706\">L\u2019am\u00e9lioration du cadre de vie n\u2019est pas seulement un chantier administratif : c\u2019est une \u0153uvre collective.<br data-start=\"2398\" data-end=\"2401\" \/>Elle requiert la synergie entre les collectivit\u00e9s territoriales, les services techniques, les partenaires priv\u00e9s, la soci\u00e9t\u00e9 civile et l\u2019ensemble de nos concitoyens.<br data-start=\"2566\" data-end=\"2569\" \/>En unissant nos efforts, nous pouvons b\u00e2tir des territoires plus accueillants, plus durables et plus dignes pour les g\u00e9n\u00e9rations futures.<\/p><p data-start=\"2711\" data-end=\"2911\">J\u2019invite chacune et chacun \u00e0 devenir acteur de ce changement.<br data-start=\"2772\" data-end=\"2775\" \/>Ensemble, construisons un S\u00e9n\u00e9gal mobilis\u00e9 en faveur du cadre de vie.<\/p><p data-start=\"2916\" data-end=\"2974\"><strong data-start=\"2916\" data-end=\"2938\">\u2014 Dr. Serigne Kosso SENE<\/strong><br data-start=\"2938\" data-end=\"2941\" \/>Directeur G\u00e9n\u00e9ral<\/p><p data-start=\"2916\" data-end=\"2974\"><img decoding=\"async\" class=\"wp-image-6303 alignleft\" src=\"http:\/\/cadredevie.sn\/wp-content\/uploads\/2025\/12\/Signature-SKS.png\" alt=\"\" width=\"223\" height=\"106\" \/><\/p>\t\t\t\t\t\t\t\t<\/div>\n\t\t\t\t<\/div>\n\t\t\t\t<\/div>\n\t\t","protected":false},"excerpt":{"rendered":"<p>MOT DU DIRECTEUR G\u00c9N\u00c9RAL Ch\u00e8res concitoyennes,chers concitoyens,\u2014\u2014\u2014 L\u2019am\u00e9lioration du cadre de vie constitue aujourd\u2019hui l\u2019un des leviers essentiels du d\u00e9veloppement durable de notre pays. Elle touche \u00e0 notre sant\u00e9, \u00e0 notre s\u00e9curit\u00e9, \u00e0 notre qualit\u00e9 de vie, mais aussi \u00e0 l\u2019image que nous souhaitons projeter du S\u00e9n\u00e9gal : un pays moderne, propre et tourn\u00e9 vers [&hellip;]<\/p>\n","protected":false},"author":1,"featured_media":0,"parent":0,"menu_order":0,"comment_status":"closed","ping_status":"closed","template":"","meta":{"give_campaign_id":0,"footnotes":""},"class_list":["post-6594","page","type-page","status-publish","hentry"],"campaignId":"","_links":{"self":[{"href":"https:\/\/cadredevie.sn\/index.php\/wp-json\/wp\/v2\/pages\/6594","targetHints":{"allow":["GET"]}}],"collection":[{"href":"https:\/\/cadredevie.sn\/index.php\/wp-json\/wp\/v2\/pages"}],"about":[{"href":"https:\/\/cadredevie.sn\/index.php\/wp-json\/wp\/v2\/types\/page"}],"author":[{"embeddable":true,"href":"https:\/\/cadredevie.sn\/index.php\/wp-json\/wp\/v2\/users\/1"}],"replies":[{"embeddable":true,"href":"https:\/\/cadredevie.sn\/index.php\/wp-json\/wp\/v2\/comments?post=6594"}],"version-history":[{"count":92,"href":"https:\/\/cadredevie.sn\/index.php\/wp-json\/wp\/v2\/pages\/6594\/revisions"}],"predecessor-version":[{"id":8921,"href":"https:\/\/cadredevie.sn\/index.php\/wp-json\/wp\/v2\/pages\/6594\/revisions\/8921"}],"wp:attachment":[{"href":"https:\/\/cadredevie.sn\/index.php\/wp-json\/wp\/v2\/media?parent=6594"}],"curies":[{"name":"wp","href":"https:\/\/api.w.org\/{rel}","templated":true}]}}