{"id":6927,"date":"2026-01-25T17:31:29","date_gmt":"2026-01-25T17:31:29","guid":{"rendered":"https:\/\/cadredevie.sn\/?page_id=6927"},"modified":"2026-02-10T16:23:11","modified_gmt":"2026-02-10T16:23:11","slug":"programmes-projets","status":"publish","type":"page","link":"https:\/\/cadredevie.sn\/index.php\/programmes-projets\/","title":{"rendered":"Programmes &amp; Projets"},"content":{"rendered":"\t\t<div data-elementor-type=\"wp-page\" data-elementor-id=\"6927\" class=\"elementor elementor-6927\">\n\t\t\t\t\t\t<section class=\"elementor-section elementor-top-section elementor-element elementor-element-dfa0d78 elementor-section-stretched elementor-section-boxed elementor-section-height-default elementor-section-height-default\" data-id=\"dfa0d78\" data-element_type=\"section\" data-e-type=\"section\" data-settings=\"{&quot;background_background&quot;:&quot;slideshow&quot;,&quot;stretch_section&quot;:&quot;section-stretched&quot;,&quot;background_slideshow_gallery&quot;:[{&quot;id&quot;:8116,&quot;url&quot;:&quot;http:\\\/\\\/cadredevie.sn\\\/wp-content\\\/uploads\\\/2026\\\/02\\\/Vue-aerienne-Dakar.png&quot;}],&quot;background_slideshow_slide_duration&quot;:9000,&quot;background_slideshow_ken_burns&quot;:&quot;yes&quot;,&quot;animation&quot;:&quot;none&quot;,&quot;background_slideshow_loop&quot;:&quot;yes&quot;,&quot;background_slideshow_slide_transition&quot;:&quot;fade&quot;,&quot;background_slideshow_transition_duration&quot;:500,&quot;background_slideshow_ken_burns_zoom_direction&quot;:&quot;in&quot;}\">\n\t\t\t\t\t\t\t<div class=\"elementor-background-overlay\"><\/div>\n\t\t\t\t\t\t\t<div class=\"elementor-container elementor-column-gap-default\">\n\t\t\t\t\t<div class=\"elementor-column elementor-col-100 elementor-top-column elementor-element elementor-element-4a0d39b\" data-id=\"4a0d39b\" data-element_type=\"column\" data-e-type=\"column\">\n\t\t\t<div class=\"elementor-widget-wrap elementor-element-populated\">\n\t\t\t\t\t\t<div class=\"elementor-element elementor-element-66b0940 elementor-widget elementor-widget-heading\" data-id=\"66b0940\" data-element_type=\"widget\" data-e-type=\"widget\" data-widget_type=\"heading.default\">\n\t\t\t\t\t<h2 class=\"elementor-heading-title elementor-size-default\">PROGRAMMES &amp; PROJETS<\/h2>\t\t\t\t<\/div>\n\t\t\t\t\t<\/div>\n\t\t<\/div>\n\t\t\t\t\t<\/div>\n\t\t<\/section>\n\t\t<div class=\"elementor-element elementor-element-07f2e3f e-flex e-con-boxed e-con e-parent\" data-id=\"07f2e3f\" data-element_type=\"container\" data-e-type=\"container\" data-settings=\"{&quot;background_background&quot;:&quot;gradient&quot;}\">\n\t\t\t\t\t<div class=\"e-con-inner\">\n\t\t\t\t<div class=\"elementor-element elementor-element-2f4854e elementor-widget elementor-widget-text-editor\" data-id=\"2f4854e\" data-element_type=\"widget\" data-e-type=\"widget\" data-widget_type=\"text-editor.default\">\n\t\t\t\t\t\t\t\t\t<p data-start=\"331\" data-end=\"529\">Les actions de la Direction G\u00e9n\u00e9rale du Cadre de Vie (DGCV) sont mises en \u0153uvre \u00e0 travers des programmes structurants, d\u00e9clin\u00e9s en projets et actions concr\u00e8tes sur l\u2019ensemble du territoire national.<\/p><p data-start=\"531\" data-end=\"724\">Cette organisation permet de garantir la coh\u00e9rence des interventions publiques et de renforcer durablement l\u2019impact des politiques en mati\u00e8re de cadre de vie, d\u2019environnement et de citoyennet\u00e9.<\/p>\t\t\t\t\t\t\t\t<\/div>\n\t\t\t\t\t<\/div>\n\t\t\t\t<\/div>\n\t\t\t\t<section class=\"elementor-section elementor-top-section elementor-element elementor-element-10d1e08 elementor-section-boxed elementor-section-height-default elementor-section-height-default\" data-id=\"10d1e08\" data-element_type=\"section\" data-e-type=\"section\" data-settings=\"{&quot;background_background&quot;:&quot;classic&quot;}\">\n\t\t\t\t\t\t<div class=\"elementor-container elementor-column-gap-default\">\n\t\t\t\t\t<div class=\"elementor-column elementor-col-100 elementor-top-column elementor-element elementor-element-cc05876\" data-id=\"cc05876\" data-element_type=\"column\" data-e-type=\"column\">\n\t\t\t<div class=\"elementor-widget-wrap elementor-element-populated\">\n\t\t\t\t\t\t<div class=\"elementor-element elementor-element-e2b7d69 elementor-widget elementor-widget-ova_heading\" data-id=\"e2b7d69\" data-element_type=\"widget\" data-e-type=\"widget\" data-widget_type=\"ova_heading.default\">\n\t\t\t\t<div class=\"elementor-widget-container\">\n\t\t\t\t\t\t\t<div class=\"ova-heading\">\n\t\t\t\n\t\t\t\n\t\t\t\t\t\t\t<p class=\"sub-title \">Nos programmes<\/p>\n\t\t\t\n\t\t<\/div>\n\t\t\t\t\t\t<\/div>\n\t\t\t\t<\/div>\n\t\t\t\t<div class=\"elementor-element elementor-element-1eee73f elementor-widget elementor-widget-heading\" data-id=\"1eee73f\" data-element_type=\"widget\" data-e-type=\"widget\" data-widget_type=\"heading.default\">\n\t\t\t\t\t<p class=\"elementor-heading-title elementor-size-default\">Chaque programme r\u00e9pond \u00e0 des enjeux sp\u00e9cifiques du cadre de vie urbain, environnemental et social, en s\u2019appuyant sur des actions adapt\u00e9es aux r\u00e9alit\u00e9s des territoires.<\/p>\t\t\t\t<\/div>\n\t\t<div class=\"elementor-element elementor-element-5c832a9 e-con-full e-flex e-con e-parent\" data-id=\"5c832a9\" data-element_type=\"container\" data-e-type=\"container\">\n\t\t<div class=\"elementor-element elementor-element-f918d5e e-con-full e-flex e-con e-child\" data-id=\"f918d5e\" data-element_type=\"container\" data-e-type=\"container\">\n\t\t\t\t<div class=\"elementor-element elementor-element-492630e elementor-widget elementor-widget-ova_mission\" data-id=\"492630e\" data-element_type=\"widget\" data-e-type=\"widget\" data-settings=\"{&quot;_animation_mobile&quot;:&quot;none&quot;}\" data-widget_type=\"ova_mission.default\">\n\t\t\t\t<div class=\"elementor-widget-container\">\n\t\t\t\t\t\n\t\t<div class=\"ova_mission\">\n\t\t\t<div class=\"items\">\n\t\t\t\t\t\t\t\t\t<div class=\"ova-media\">\n\t\t\t\t\t\t<a href=\"https:\/\/cadredevie.sn\/index.php\/programme-yeete\/\">\n\t\t\t\t\t\t\t<img decoding=\"async\" src=\"http:\/\/cadredevie.sn\/wp-content\/uploads\/2026\/02\/YEETE-1.png\" alt=\"YEETE\">\n\t\t\t\t\t\t<\/a>\n\t\t\t\t\t<\/div>\n\t\t\t\t\t\t\t\t\n\t\t\t\t<div class=\"content\">\n\t\t\t\t\t\t\t\t\t\t\t<h3 class=\"title\">\n\t\t\t\t\t\t\t<a class=\"second_font\" href=\"https:\/\/cadredevie.sn\/index.php\/programme-yeete\/\">\n\t\t\t\t\t\t\t\tYEETE\t\t\t\t\t\t\t<\/a>\n\t\t\t\t\t\t<\/h3>\n\t\t\t\t\t\t\t\t\t\t\t\t\t\t\t<p class=\"excerpt\">\n\t\t\t\t\t\tLe programme YEETE accompagne l\u2019\u00e9volution des comportements en faveur d\u2019un cadre de vie plus sain, \u00e0 travers des actions de sensibilisation et d\u2019engagement citoyen\t\t\t\t\t<\/p>\n\t\t\t\t\t\t\t\t\t\t\n\t\t\t\t\t\t\t\t\t\t<a href=\"https:\/\/cadredevie.sn\/index.php\/programme-yeete\/\" class=\"second_font readmore\">\n\t\t\t\t\t\tEn savoir plus \u2192\t\t\t\t\t\t<i data-feather=\"arrow-right\"><\/i>\n\t\t\t\t\t<\/a>\n\t\t\t\t\t\t\t\t\t<\/div>\n\n\t\t\t<\/div>\n\t\t<\/div>\n\t\t\n\n\t\t\t\t\t\t<\/div>\n\t\t\t\t<\/div>\n\t\t\t\t<\/div>\n\t\t<div class=\"elementor-element elementor-element-97b2509 e-con-full btn-programme e-flex e-con e-child\" data-id=\"97b2509\" data-element_type=\"container\" data-e-type=\"container\">\n\t\t\t\t<div class=\"elementor-element elementor-element-14cfea7 elementor-widget elementor-widget-ova_mission\" data-id=\"14cfea7\" data-element_type=\"widget\" data-e-type=\"widget\" data-settings=\"{&quot;_animation_mobile&quot;:&quot;none&quot;}\" data-widget_type=\"ova_mission.default\">\n\t\t\t\t<div class=\"elementor-widget-container\">\n\t\t\t\t\t\n\t\t<div class=\"ova_mission\">\n\t\t\t<div class=\"items\">\n\t\t\t\t\t\t\t\t\t<div class=\"ova-media\">\n\t\t\t\t\t\t<a href=\"https:\/\/cadredevie.sn\/index.php\/programme-naatal\/\">\n\t\t\t\t\t\t\t<img decoding=\"async\" src=\"http:\/\/cadredevie.sn\/wp-content\/uploads\/2026\/02\/NAATAL-3.png\" alt=\"NAATAL\">\n\t\t\t\t\t\t<\/a>\n\t\t\t\t\t<\/div>\n\t\t\t\t\t\t\t\t\n\t\t\t\t<div class=\"content\">\n\t\t\t\t\t\t\t\t\t\t\t<h3 class=\"title\">\n\t\t\t\t\t\t\t<a class=\"second_font\" href=\"https:\/\/cadredevie.sn\/index.php\/programme-naatal\/\">\n\t\t\t\t\t\t\t\tNAATAL\t\t\t\t\t\t\t<\/a>\n\t\t\t\t\t\t<\/h3>\n\t\t\t\t\t\t\t\t\t\t\t\t\t\t\t<p class=\"excerpt\">\n\t\t\t\t\t\tLe programme NAATAL \u0153uvre pour le d\u00e9veloppement de villes vertes et r\u00e9silientes, en renfor\u00e7ant la place de la nature et des \u00e9cosyst\u00e8mes au sein des espaces urbains et p\u00e9riurbains.\t\t\t\t\t<\/p>\n\t\t\t\t\t\t\t\t\t\t\n\t\t\t\t\t\t\t\t\t\t<a href=\"https:\/\/cadredevie.sn\/index.php\/programme-naatal\/\" class=\"second_font readmore\">\n\t\t\t\t\t\tEn savoir plus \u2192\t\t\t\t\t\t<i data-feather=\"arrow-right\"><\/i>\n\t\t\t\t\t<\/a>\n\t\t\t\t\t\t\t\t\t<\/div>\n\n\t\t\t<\/div>\n\t\t<\/div>\n\t\t\n\n\t\t\t\t\t\t<\/div>\n\t\t\t\t<\/div>\n\t\t\t\t<\/div>\n\t\t<div class=\"elementor-element elementor-element-afc2a9c e-con-full btn-programme e-flex e-con e-child\" data-id=\"afc2a9c\" data-element_type=\"container\" data-e-type=\"container\">\n\t\t\t\t<div class=\"elementor-element elementor-element-308b611 elementor-widget elementor-widget-ova_mission\" data-id=\"308b611\" data-element_type=\"widget\" data-e-type=\"widget\" data-settings=\"{&quot;_animation_mobile&quot;:&quot;none&quot;}\" data-widget_type=\"ova_mission.default\">\n\t\t\t\t<div class=\"elementor-widget-container\">\n\t\t\t\t\t\n\t\t<div class=\"ova_mission\">\n\t\t\t<div class=\"items\">\n\t\t\t\t\t\t\t\t\t<div class=\"ova-media\">\n\t\t\t\t\t\t<a href=\"https:\/\/cadredevie.sn\/index.php\/programme-xall-yoon\/\">\n\t\t\t\t\t\t\t<img decoding=\"async\" src=\"http:\/\/cadredevie.sn\/wp-content\/uploads\/2026\/02\/XALL-YOON-1.png\" alt=\" X\u00c0LL YOON\">\n\t\t\t\t\t\t<\/a>\n\t\t\t\t\t<\/div>\n\t\t\t\t\t\t\t\t\n\t\t\t\t<div class=\"content\">\n\t\t\t\t\t\t\t\t\t\t\t<h3 class=\"title\">\n\t\t\t\t\t\t\t<a class=\"second_font\" href=\"https:\/\/cadredevie.sn\/index.php\/programme-xall-yoon\/\">\n\t\t\t\t\t\t\t\t X\u00c0LL YOON\t\t\t\t\t\t\t<\/a>\n\t\t\t\t\t\t<\/h3>\n\t\t\t\t\t\t\t\t\t\t\t\t\t\t\t<p class=\"excerpt\">\n\t\t\t\t\t\tLe programme X\u00c0LL YOON agit pour lutter durablement contre les encombrements, r\u00e9organiser l\u2019occupation du domaine public et am\u00e9liorer la mobilit\u00e9 ainsi que la s\u00e9curit\u00e9 des usagers.\t\t\t\t\t<\/p>\n\t\t\t\t\t\t\t\t\t\t\n\t\t\t\t\t\t\t\t\t\t<a href=\"https:\/\/cadredevie.sn\/index.php\/programme-xall-yoon\/\" class=\"second_font readmore\">\n\t\t\t\t\t\tEn savoir plus \u2192\t\t\t\t\t\t<i data-feather=\"arrow-right\"><\/i>\n\t\t\t\t\t<\/a>\n\t\t\t\t\t\t\t\t\t<\/div>\n\n\t\t\t<\/div>\n\t\t<\/div>\n\t\t\n\n\t\t\t\t\t\t<\/div>\n\t\t\t\t<\/div>\n\t\t\t\t<\/div>\n\t\t\t\t<\/div>\n\t\t<div class=\"elementor-element elementor-element-80779c0 e-con-full e-flex e-con e-parent\" data-id=\"80779c0\" data-element_type=\"container\" data-e-type=\"container\">\n\t\t<div class=\"elementor-element elementor-element-112f807 e-con-full e-flex e-con e-child\" data-id=\"112f807\" data-element_type=\"container\" data-e-type=\"container\">\n\t\t\t\t<div class=\"elementor-element elementor-element-29dfa33 elementor-widget elementor-widget-ova_mission\" data-id=\"29dfa33\" data-element_type=\"widget\" data-e-type=\"widget\" data-settings=\"{&quot;_animation_mobile&quot;:&quot;none&quot;}\" data-widget_type=\"ova_mission.default\">\n\t\t\t\t<div class=\"elementor-widget-container\">\n\t\t\t\t\t\n\t\t<div class=\"ova_mission\">\n\t\t\t<div class=\"items\">\n\t\t\t\t\t\t\t\t\t<div class=\"ova-media\">\n\t\t\t\t\t\t<a href=\"https:\/\/cadredevie.sn\/index.php\/programme-taaral\/\">\n\t\t\t\t\t\t\t<img decoding=\"async\" src=\"http:\/\/cadredevie.sn\/wp-content\/uploads\/2026\/02\/Design-sans-titre-29.png\" alt=\"TAARAL\">\n\t\t\t\t\t\t<\/a>\n\t\t\t\t\t<\/div>\n\t\t\t\t\t\t\t\t\n\t\t\t\t<div class=\"content\">\n\t\t\t\t\t\t\t\t\t\t\t<h3 class=\"title\">\n\t\t\t\t\t\t\t<a class=\"second_font\" href=\"https:\/\/cadredevie.sn\/index.php\/programme-taaral\/\">\n\t\t\t\t\t\t\t\tTAARAL\t\t\t\t\t\t\t<\/a>\n\t\t\t\t\t\t<\/h3>\n\t\t\t\t\t\t\t\t\t\t\t\t\t\t\t<p class=\"excerpt\">\n\t\t\t\t\t\tLe programme TAARAL a pour objectif de revaloriser les grands axes urbains \u00e0 travers des am\u00e9nagements paysagers durables, contribuant \u00e0 l\u2019am\u00e9lioration du cadre urbain et \u00e0 l\u2019attractivit\u00e9 des territoires.\t\t\t\t\t<\/p>\n\t\t\t\t\t\t\t\t\t\t\n\t\t\t\t\t\t\t\t\t\t<a href=\"https:\/\/cadredevie.sn\/index.php\/programme-taaral\/\" class=\"second_font readmore\">\n\t\t\t\t\t\tEn savoir plus \u2192\t\t\t\t\t\t<i data-feather=\"arrow-right\"><\/i>\n\t\t\t\t\t<\/a>\n\t\t\t\t\t\t\t\t\t<\/div>\n\n\t\t\t<\/div>\n\t\t<\/div>\n\t\t\n\n\t\t\t\t\t\t<\/div>\n\t\t\t\t<\/div>\n\t\t\t\t<\/div>\n\t\t<div class=\"elementor-element elementor-element-c0db93a e-con-full btn-programme e-flex e-con e-child\" data-id=\"c0db93a\" data-element_type=\"container\" data-e-type=\"container\">\n\t\t\t\t<div class=\"elementor-element elementor-element-5111378 elementor-widget elementor-widget-ova_mission\" data-id=\"5111378\" data-element_type=\"widget\" data-e-type=\"widget\" data-settings=\"{&quot;_animation_mobile&quot;:&quot;none&quot;}\" data-widget_type=\"ova_mission.default\">\n\t\t\t\t<div class=\"elementor-widget-container\">\n\t\t\t\t\t\n\t\t<div class=\"ova_mission\">\n\t\t\t<div class=\"items\">\n\t\t\t\t\t\t\t\t\t<div class=\"ova-media\">\n\t\t\t\t\t\t<a href=\"https:\/\/cadredevie.sn\/index.php\/programme-setal-sunu-gox\/\">\n\t\t\t\t\t\t\t<img decoding=\"async\" src=\"http:\/\/cadredevie.sn\/wp-content\/uploads\/2026\/02\/SETAL-SUNU-GOX-1.png\" alt=\"SETAL SUNU GOX\">\n\t\t\t\t\t\t<\/a>\n\t\t\t\t\t<\/div>\n\t\t\t\t\t\t\t\t\n\t\t\t\t<div class=\"content\">\n\t\t\t\t\t\t\t\t\t\t\t<h3 class=\"title\">\n\t\t\t\t\t\t\t<a class=\"second_font\" href=\"https:\/\/cadredevie.sn\/index.php\/programme-setal-sunu-gox\/\">\n\t\t\t\t\t\t\t\tSETAL SUNU GOX\t\t\t\t\t\t\t<\/a>\n\t\t\t\t\t\t<\/h3>\n\t\t\t\t\t\t\t\t\t\t\t\t\t\t\t<p class=\"excerpt\">\n\t\t\t\t\t\tLe programme SETAL SUNU GOX est un programme phare de promotion de la propret\u00e9 et de l\u2019hygi\u00e8ne publique, reposant sur l\u2019implication active des citoyens, des collectivit\u00e9s territoriales et des partenaires.\t\t\t\t\t<\/p>\n\t\t\t\t\t\t\t\t\t\t\n\t\t\t\t\t\t\t\t\t\t<a href=\"https:\/\/cadredevie.sn\/index.php\/programme-setal-sunu-gox\/\" class=\"second_font readmore\">\n\t\t\t\t\t\tEn savoir plus \u2192\t\t\t\t\t\t<i data-feather=\"arrow-right\"><\/i>\n\t\t\t\t\t<\/a>\n\t\t\t\t\t\t\t\t\t<\/div>\n\n\t\t\t<\/div>\n\t\t<\/div>\n\t\t\n\n\t\t\t\t\t\t<\/div>\n\t\t\t\t<\/div>\n\t\t\t\t<\/div>\n\t\t<div class=\"elementor-element elementor-element-9783e46 e-con-full e-flex e-con e-child\" data-id=\"9783e46\" data-element_type=\"container\" data-e-type=\"container\">\n\t\t\t\t<\/div>\n\t\t\t\t<\/div>\n\t\t\t\t\t<\/div>\n\t\t<\/div>\n\t\t\t\t\t<\/div>\n\t\t<\/section>\n\t\t\t\t<section class=\"elementor-section elementor-top-section elementor-element elementor-element-8cc8680 elementor-section-content-middle elementor-section-boxed elementor-section-height-default elementor-section-height-default\" data-id=\"8cc8680\" data-element_type=\"section\" data-e-type=\"section\">\n\t\t\t\t\t\t<div class=\"elementor-container elementor-column-gap-default\">\n\t\t\t\t\t<div class=\"elementor-column elementor-col-100 elementor-top-column elementor-element elementor-element-df9ec14\" data-id=\"df9ec14\" data-element_type=\"column\" data-e-type=\"column\">\n\t\t\t<div class=\"elementor-widget-wrap elementor-element-populated\">\n\t\t\t\t\t\t<div class=\"elementor-element elementor-element-0c195f8 elementor-widget elementor-widget-heading\" data-id=\"0c195f8\" data-element_type=\"widget\" data-e-type=\"widget\" data-widget_type=\"heading.default\">\n\t\t\t\t\t<h2 class=\"elementor-heading-title elementor-size-default\">Une organisation par programmes<\/h2>\t\t\t\t<\/div>\n\t\t\t\t<div class=\"elementor-element elementor-element-0fccf20 elementor-widget elementor-widget-text-editor\" data-id=\"0fccf20\" data-element_type=\"widget\" data-e-type=\"widget\" data-widget_type=\"text-editor.default\">\n\t\t\t\t\t\t\t\t\t<p data-start=\"1302\" data-end=\"1577\">Chaque programme constitue un cadre strat\u00e9gique regroupant plusieurs projets et actions compl\u00e9mentaires, permettant une mise en \u0153uvre coh\u00e9rente et efficace des politiques publiques sur l\u2019ensemble du territoire.<\/p>\t\t\t\t\t\t\t\t<\/div>\n\t\t\t\t\t<\/div>\n\t\t<\/div>\n\t\t\t\t\t<\/div>\n\t\t<\/section>\n\t\t\t\t<section class=\"elementor-section elementor-top-section elementor-element elementor-element-6f552fc elementor-section-content-middle elementor-section-boxed elementor-section-height-default elementor-section-height-default\" data-id=\"6f552fc\" data-element_type=\"section\" data-e-type=\"section\" data-settings=\"{&quot;background_background&quot;:&quot;classic&quot;}\">\n\t\t\t\t\t\t<div class=\"elementor-container elementor-column-gap-default\">\n\t\t\t\t\t<div class=\"elementor-column elementor-col-100 elementor-top-column elementor-element elementor-element-439a9ad\" data-id=\"439a9ad\" data-element_type=\"column\" data-e-type=\"column\">\n\t\t\t<div class=\"elementor-widget-wrap elementor-element-populated\">\n\t\t\t\t\t\t<div class=\"elementor-element elementor-element-17b4906 elementor-widget elementor-widget-heading\" data-id=\"17b4906\" data-element_type=\"widget\" data-e-type=\"widget\" data-widget_type=\"heading.default\">\n\t\t\t\t\t<h2 class=\"elementor-heading-title elementor-size-default\">Pourquoi une organisation par programmes ?<\/h2>\t\t\t\t<\/div>\n\t\t\t\t<div class=\"elementor-element elementor-element-465094d elementor-widget elementor-widget-ova_box_feature_3\" data-id=\"465094d\" data-element_type=\"widget\" data-e-type=\"widget\" data-widget_type=\"ova_box_feature_3.default\">\n\t\t\t\t<div class=\"elementor-widget-container\">\n\t\t\t\t\t\n\t\t\t<div class=\"ova_box_feature_3\">\n\n\t\t\t\t<div class=\"left\">\n\t\t\t\t\t\t\t\t\t\t\t<div class=\"icon\">\n\t\t\t\t\t\t\t<i class=\"fas fa-check-circle\"><\/i>\n\t\t\t\t\t\t<\/div>\n\t\t\t\t\t\t\t\t\t<\/div>\n\t\t\t\t\n\t\t\t\t<div class=\"right\">\n\t\t\t\t\t\t\t\t\t\t\t<h3 class=\"title second_font \">\n\t\t\t\t\t\t\t\t\t\t\t\t\t\t\t<a href=\"#\">\n\t\t\t\t\t\t\t\t\t\t\t\t\t\t\tGarantir la coh\u00e9rence des actions men\u00e9es sur le territoire\t\t\t\t\t\t\t\t\t\t\t\t\t\t\t<\/a>\n\t\t\t\t\t\t\t\t\t\t\t\t\t<\/h3>\n\t\t\t\t\t\n\t\t\t\t\t\t\t\t\t<\/div>\t\n\n\t\t\t<\/div>\n\n\t\t\t\t\t\t<\/div>\n\t\t\t\t<\/div>\n\t\t\t\t<div class=\"elementor-element elementor-element-88e87c6 elementor-widget elementor-widget-ova_box_feature_3\" data-id=\"88e87c6\" data-element_type=\"widget\" data-e-type=\"widget\" data-widget_type=\"ova_box_feature_3.default\">\n\t\t\t\t<div class=\"elementor-widget-container\">\n\t\t\t\t\t\n\t\t\t<div class=\"ova_box_feature_3\">\n\n\t\t\t\t<div class=\"left\">\n\t\t\t\t\t\t\t\t\t\t\t<div class=\"icon\">\n\t\t\t\t\t\t\t<i class=\"fas fa-check-circle\"><\/i>\n\t\t\t\t\t\t<\/div>\n\t\t\t\t\t\t\t\t\t<\/div>\n\t\t\t\t\n\t\t\t\t<div class=\"right\">\n\t\t\t\t\t\t\t\t\t\t\t<h3 class=\"title second_font \">\n\t\t\t\t\t\t\t\t\t\t\t\t\t\t\t<a href=\"#\">\n\t\t\t\t\t\t\t\t\t\t\t\t\t\t\tAssurer un meilleur suivi et une \u00e9valuation structur\u00e9e des projets\t\t\t\t\t\t\t\t\t\t\t\t\t\t\t<\/a>\n\t\t\t\t\t\t\t\t\t\t\t\t\t<\/h3>\n\t\t\t\t\t\n\t\t\t\t\t\t\t\t\t<\/div>\t\n\n\t\t\t<\/div>\n\n\t\t\t\t\t\t<\/div>\n\t\t\t\t<\/div>\n\t\t\t\t<div class=\"elementor-element elementor-element-1aae0a7 elementor-widget elementor-widget-ova_box_feature_3\" data-id=\"1aae0a7\" data-element_type=\"widget\" data-e-type=\"widget\" data-widget_type=\"ova_box_feature_3.default\">\n\t\t\t\t<div class=\"elementor-widget-container\">\n\t\t\t\t\t\n\t\t\t<div class=\"ova_box_feature_3\">\n\n\t\t\t\t<div class=\"left\">\n\t\t\t\t\t\t\t\t\t\t\t<div class=\"icon\">\n\t\t\t\t\t\t\t<i class=\"fas fa-check-circle\"><\/i>\n\t\t\t\t\t\t<\/div>\n\t\t\t\t\t\t\t\t\t<\/div>\n\t\t\t\t\n\t\t\t\t<div class=\"right\">\n\t\t\t\t\t\t\t\t\t\t\t<h3 class=\"title second_font \">\n\t\t\t\t\t\t\t\t\t\t\t\t\t\t\t<a href=\"#\">\n\t\t\t\t\t\t\t\t\t\t\t\t\t\t\tRenforcer l\u2019impact environnemental, social et urbain\t\t\t\t\t\t\t\t\t\t\t\t\t\t\t<\/a>\n\t\t\t\t\t\t\t\t\t\t\t\t\t<\/h3>\n\t\t\t\t\t\n\t\t\t\t\t\t\t\t\t<\/div>\t\n\n\t\t\t<\/div>\n\n\t\t\t\t\t\t<\/div>\n\t\t\t\t<\/div>\n\t\t\t\t<div class=\"elementor-element elementor-element-9377720 elementor-widget elementor-widget-ova_box_feature_3\" data-id=\"9377720\" data-element_type=\"widget\" data-e-type=\"widget\" data-widget_type=\"ova_box_feature_3.default\">\n\t\t\t\t<div class=\"elementor-widget-container\">\n\t\t\t\t\t\n\t\t\t<div class=\"ova_box_feature_3\">\n\n\t\t\t\t<div class=\"left\">\n\t\t\t\t\t\t\t\t\t\t\t<div class=\"icon\">\n\t\t\t\t\t\t\t<i class=\"fas fa-check-circle\"><\/i>\n\t\t\t\t\t\t<\/div>\n\t\t\t\t\t\t\t\t\t<\/div>\n\t\t\t\t\n\t\t\t\t<div class=\"right\">\n\t\t\t\t\t\t\t\t\t\t\t<h3 class=\"title second_font \">\n\t\t\t\t\t\t\t\t\t\t\t\t\t\t\t<a href=\"#\">\n\t\t\t\t\t\t\t\t\t\t\t\t\t\t\tFavoriser la participation des citoyens, des collectivit\u00e9s et des partenaires\t\t\t\t\t\t\t\t\t\t\t\t\t\t\t<\/a>\n\t\t\t\t\t\t\t\t\t\t\t\t\t<\/h3>\n\t\t\t\t\t\n\t\t\t\t\t\t\t\t\t<\/div>\t\n\n\t\t\t<\/div>\n\n\t\t\t\t\t\t<\/div>\n\t\t\t\t<\/div>\n\t\t\t\t\t<\/div>\n\t\t<\/div>\n\t\t\t\t\t<\/div>\n\t\t<\/section>\n\t\t\t\t<\/div>\n\t\t","protected":false},"excerpt":{"rendered":"<p>PROGRAMMES &amp; PROJETS Les actions de la Direction G\u00e9n\u00e9rale du Cadre de Vie (DGCV) sont mises en \u0153uvre \u00e0 travers des programmes structurants, d\u00e9clin\u00e9s en projets et actions concr\u00e8tes sur l\u2019ensemble du territoire national. Cette organisation permet de garantir la coh\u00e9rence des interventions publiques et de renforcer durablement l\u2019impact des politiques en mati\u00e8re de cadre [&hellip;]<\/p>\n","protected":false},"author":1,"featured_media":0,"parent":0,"menu_order":0,"comment_status":"closed","ping_status":"closed","template":"","meta":{"give_campaign_id":0,"footnotes":""},"class_list":["post-6927","page","type-page","status-publish","hentry"],"campaignId":"","_links":{"self":[{"href":"https:\/\/cadredevie.sn\/index.php\/wp-json\/wp\/v2\/pages\/6927","targetHints":{"allow":["GET"]}}],"collection":[{"href":"https:\/\/cadredevie.sn\/index.php\/wp-json\/wp\/v2\/pages"}],"about":[{"href":"https:\/\/cadredevie.sn\/index.php\/wp-json\/wp\/v2\/types\/page"}],"author":[{"embeddable":true,"href":"https:\/\/cadredevie.sn\/index.php\/wp-json\/wp\/v2\/users\/1"}],"replies":[{"embeddable":true,"href":"https:\/\/cadredevie.sn\/index.php\/wp-json\/wp\/v2\/comments?post=6927"}],"version-history":[{"count":64,"href":"https:\/\/cadredevie.sn\/index.php\/wp-json\/wp\/v2\/pages\/6927\/revisions"}],"predecessor-version":[{"id":8994,"href":"https:\/\/cadredevie.sn\/index.php\/wp-json\/wp\/v2\/pages\/6927\/revisions\/8994"}],"wp:attachment":[{"href":"https:\/\/cadredevie.sn\/index.php\/wp-json\/wp\/v2\/media?parent=6927"}],"curies":[{"name":"wp","href":"https:\/\/api.w.org\/{rel}","templated":true}]}}