{"id":70,"date":"2020-07-10T03:09:38","date_gmt":"2020-07-10T03:09:38","guid":{"rendered":"https:\/\/uooruxa.cluster100.hosting.ovh.net\/?page_id=70"},"modified":"2026-02-08T21:23:44","modified_gmt":"2026-02-08T21:23:44","slug":"actualites","status":"publish","type":"page","link":"https:\/\/cadredevie.sn\/index.php\/actualites\/","title":{"rendered":"Actualit\u00e9s"},"content":{"rendered":"\t\t<div data-elementor-type=\"wp-page\" data-elementor-id=\"70\" class=\"elementor elementor-70\">\n\t\t\t\t<div class=\"elementor-element elementor-element-70a78db e-flex e-con-boxed e-con e-parent\" data-id=\"70a78db\" data-element_type=\"container\" data-e-type=\"container\">\n\t\t\t\t\t<div class=\"e-con-inner\">\n\t\t\t\t<div class=\"elementor-element elementor-element-136ae4c elementor-widget elementor-widget-ova_blog_slide\" data-id=\"136ae4c\" data-element_type=\"widget\" data-e-type=\"widget\" data-settings=\"{&quot;pause_on_hover&quot;:&quot;yes&quot;,&quot;infinite&quot;:&quot;yes&quot;,&quot;autoplay&quot;:&quot;yes&quot;,&quot;autoplay_speed&quot;:3000,&quot;center&quot;:&quot;no&quot;,&quot;dot_control&quot;:&quot;no&quot;}\" data-widget_type=\"ova_blog_slide.default\">\n\t\t\t\t<div class=\"elementor-widget-container\">\n\t\t\t\t\t\n\t\t<div class=\"ova-blog-slide blog-grid\">\n\t\t\t<div class=\"ova-wrap-grid blog-slide owl-carousel owl-theme\" data-options=\"{&quot;items&quot;:4,&quot;slideBy&quot;:1,&quot;margin&quot;:30,&quot;autoplayHoverPause&quot;:true,&quot;loop&quot;:true,&quot;autoplay&quot;:true,&quot;autoplayTimeout&quot;:3000,&quot;smartSpeed&quot;:500,&quot;dots&quot;:false,&quot;nav&quot;:false,&quot;center&quot;:false}\">\n\t\t\t\t\t\t\t<article class=\"post-wrap\">\n\t\t\t\t\t<div class=\"wrap-article\">\n\t\t\t\t\t\t<div class=\"post-media\">\n\t\t\t\t\t\t\t\t\t\t\t\t\t\t\t<a href=\"https:\/\/cadredevie.sn\/index.php\/2025\/11\/13\/sensibilisation-espace-public-guediawaye\/\" title=\"Sensibilisation \u00e0 l\u2019espace public\">\n\t\t\t\t\t\t\t\t\t<img decoding=\"async\" alt=\"Sensibilisation \u00e0 l\u2019espace public\" src=\"https:\/\/cadredevie.sn\/wp-content\/uploads\/2025\/11\/Article-Sensibilisation-560x420.jpg\" \n\t\t\t\t\t\t\t\t\t\tsrcset=\"https:\/\/cadredevie.sn\/wp-content\/uploads\/2025\/11\/Article-Sensibilisation-560x420.jpg 560w,\n\t\t\t\t\t\t\t\t\t\thttps:\/\/cadredevie.sn\/wp-content\/uploads\/2025\/11\/Article-Sensibilisation-300x225.jpg 300w\" \n\t\t\t\t\t\t\t\t\t\tsizes=\"(max-width: 767px) 100vw, 560px\" >\n\t\t\t\t\t\t\t\t<\/a>\n\t\t\t\t\t\t\t\t\t\t\t\t\t<\/div>\n\t\t\t\t\t\t<div class=\"evgovt-content\">\n\t\t\t\t\t\t\t\n\t\t\t\t\t\t\t\t\t\t\t\t\t\t\t\t\t\t\t\t\t<div class=\"post-title\">\n\t\t\t\t\t\t\t\t<a href=\"https:\/\/cadredevie.sn\/index.php\/2025\/11\/13\/sensibilisation-espace-public-guediawaye\/\" rel=\"bookmark\" title=\"Sensibilisation \u00e0 l\u2019espace public\">\n\t\t\t\t\t\t\t\t\t<h2 class=\"post-title\">Sensibilisation \u00e0 l\u2019espace public<\/h2>\n\t\t\t\t\t\t\t    <\/a>\n\t\t\t\t\t\t\t<\/div>\n\t\t\t\t\t\t\t\t\t\t\t\t\t\t\t\t\t\t\t\t\t<div class=\"post-footer\">\n\t\t\t\t\t\t\t\t<div class=\"egovt-post-readmore\">\n\t\t\t\t\t\t\t\t    <a class=\"btn-readmore second_font\" href=\"https:\/\/cadredevie.sn\/index.php\/2025\/11\/13\/sensibilisation-espace-public-guediawaye\/\">\n\t\t\t\t\t\t\t\t    \tEn savoir plus\t\t\t\t\t\t\t\t    \t<i data-feather=\"arrow-right\"><\/i>\n\t\t\t\t\t\t\t\t    <\/a>\n\t\t\t\t\t\t\t\t<\/div>\n\t\t\t\t\t\t\t<\/div>\n\t\t\t\t\t\t\t\t\t\t\t\t\t<\/div>\n\t\t\t\t\t<\/div>\n\t\t\t\t<\/article>\n\t\t\t\t\t\t\t<article class=\"post-wrap\">\n\t\t\t\t\t<div class=\"wrap-article\">\n\t\t\t\t\t\t<div class=\"post-media\">\n\t\t\t\t\t\t\t\t\t\t\t\t\t\t\t<a href=\"https:\/\/cadredevie.sn\/index.php\/2025\/01\/31\/setal-sunu-gox-touba\/\" title=\"\u201cSETAL SUNU GOX\u201d \u00e0 Touba\">\n\t\t\t\t\t\t\t\t\t<img decoding=\"async\" alt=\"\u201cSETAL SUNU GOX\u201d \u00e0 Touba\" src=\"https:\/\/cadredevie.sn\/wp-content\/uploads\/2025\/01\/Affiche-Setal-Sunu-Gox-a-Touba-560x420.png\" \n\t\t\t\t\t\t\t\t\t\tsrcset=\"https:\/\/cadredevie.sn\/wp-content\/uploads\/2025\/01\/Affiche-Setal-Sunu-Gox-a-Touba-560x420.png 560w,\n\t\t\t\t\t\t\t\t\t\thttps:\/\/cadredevie.sn\/wp-content\/uploads\/2025\/01\/Affiche-Setal-Sunu-Gox-a-Touba-300x225.png 300w\" \n\t\t\t\t\t\t\t\t\t\tsizes=\"(max-width: 767px) 100vw, 560px\" >\n\t\t\t\t\t\t\t\t<\/a>\n\t\t\t\t\t\t\t\t\t\t\t\t\t<\/div>\n\t\t\t\t\t\t<div class=\"evgovt-content\">\n\t\t\t\t\t\t\t\n\t\t\t\t\t\t\t\t\t\t\t\t\t\t\t\t\t\t\t\t\t<div class=\"post-title\">\n\t\t\t\t\t\t\t\t<a href=\"https:\/\/cadredevie.sn\/index.php\/2025\/01\/31\/setal-sunu-gox-touba\/\" rel=\"bookmark\" title=\"\u201cSETAL SUNU GOX\u201d \u00e0 Touba\">\n\t\t\t\t\t\t\t\t\t<h2 class=\"post-title\">\u201cSETAL SUNU GOX\u201d \u00e0 Touba<\/h2>\n\t\t\t\t\t\t\t    <\/a>\n\t\t\t\t\t\t\t<\/div>\n\t\t\t\t\t\t\t\t\t\t\t\t\t\t\t\t\t\t\t\t\t<div class=\"post-footer\">\n\t\t\t\t\t\t\t\t<div class=\"egovt-post-readmore\">\n\t\t\t\t\t\t\t\t    <a class=\"btn-readmore second_font\" href=\"https:\/\/cadredevie.sn\/index.php\/2025\/01\/31\/setal-sunu-gox-touba\/\">\n\t\t\t\t\t\t\t\t    \tEn savoir plus\t\t\t\t\t\t\t\t    \t<i data-feather=\"arrow-right\"><\/i>\n\t\t\t\t\t\t\t\t    <\/a>\n\t\t\t\t\t\t\t\t<\/div>\n\t\t\t\t\t\t\t<\/div>\n\t\t\t\t\t\t\t\t\t\t\t\t\t<\/div>\n\t\t\t\t\t<\/div>\n\t\t\t\t<\/article>\n\t\t\t\t\t\t\t<article class=\"post-wrap\">\n\t\t\t\t\t<div class=\"wrap-article\">\n\t\t\t\t\t\t<div class=\"post-media\">\n\t\t\t\t\t\t\t\t\t\t\t\t\t\t\t<a href=\"https:\/\/cadredevie.sn\/index.php\/2025\/08\/30\/reboisement-keur-massar\/\" title=\"Reboisement \u00e0 Keur Massar\">\n\t\t\t\t\t\t\t\t\t<img decoding=\"async\" alt=\"Reboisement \u00e0 Keur Massar\" src=\"https:\/\/cadredevie.sn\/wp-content\/uploads\/2025\/08\/Article-Keur-Massar-560x420.jpg\" \n\t\t\t\t\t\t\t\t\t\tsrcset=\"https:\/\/cadredevie.sn\/wp-content\/uploads\/2025\/08\/Article-Keur-Massar-560x420.jpg 560w,\n\t\t\t\t\t\t\t\t\t\thttps:\/\/cadredevie.sn\/wp-content\/uploads\/2025\/08\/Article-Keur-Massar-300x225.jpg 300w\" \n\t\t\t\t\t\t\t\t\t\tsizes=\"(max-width: 767px) 100vw, 560px\" >\n\t\t\t\t\t\t\t\t<\/a>\n\t\t\t\t\t\t\t\t\t\t\t\t\t<\/div>\n\t\t\t\t\t\t<div class=\"evgovt-content\">\n\t\t\t\t\t\t\t\n\t\t\t\t\t\t\t\t\t\t\t\t\t\t\t\t\t\t\t\t\t<div class=\"post-title\">\n\t\t\t\t\t\t\t\t<a href=\"https:\/\/cadredevie.sn\/index.php\/2025\/08\/30\/reboisement-keur-massar\/\" rel=\"bookmark\" title=\"Reboisement \u00e0 Keur Massar\">\n\t\t\t\t\t\t\t\t\t<h2 class=\"post-title\">Reboisement \u00e0 Keur Massar<\/h2>\n\t\t\t\t\t\t\t    <\/a>\n\t\t\t\t\t\t\t<\/div>\n\t\t\t\t\t\t\t\t\t\t\t\t\t\t\t\t\t\t\t\t\t<div class=\"post-footer\">\n\t\t\t\t\t\t\t\t<div class=\"egovt-post-readmore\">\n\t\t\t\t\t\t\t\t    <a class=\"btn-readmore second_font\" href=\"https:\/\/cadredevie.sn\/index.php\/2025\/08\/30\/reboisement-keur-massar\/\">\n\t\t\t\t\t\t\t\t    \tEn savoir plus\t\t\t\t\t\t\t\t    \t<i data-feather=\"arrow-right\"><\/i>\n\t\t\t\t\t\t\t\t    <\/a>\n\t\t\t\t\t\t\t\t<\/div>\n\t\t\t\t\t\t\t<\/div>\n\t\t\t\t\t\t\t\t\t\t\t\t\t<\/div>\n\t\t\t\t\t<\/div>\n\t\t\t\t<\/article>\n\t\t\t\t\t\t\t<article class=\"post-wrap\">\n\t\t\t\t\t<div class=\"wrap-article\">\n\t\t\t\t\t\t<div class=\"post-media\">\n\t\t\t\t\t\t\t\t\t\t\t\t\t\t\t<a href=\"https:\/\/cadredevie.sn\/index.php\/2025\/08\/25\/partenariat-dgcv-sen-csu\/\" title=\"Partenariat DGCV \u2013 Sen CSU\">\n\t\t\t\t\t\t\t\t\t<img decoding=\"async\" alt=\"Partenariat DGCV \u2013 Sen CSU\" src=\"https:\/\/cadredevie.sn\/wp-content\/uploads\/2025\/08\/Article-Convention-560x420.png\" \n\t\t\t\t\t\t\t\t\t\tsrcset=\"https:\/\/cadredevie.sn\/wp-content\/uploads\/2025\/08\/Article-Convention-560x420.png 560w,\n\t\t\t\t\t\t\t\t\t\thttps:\/\/cadredevie.sn\/wp-content\/uploads\/2025\/08\/Article-Convention-300x225.png 300w\" \n\t\t\t\t\t\t\t\t\t\tsizes=\"(max-width: 767px) 100vw, 560px\" >\n\t\t\t\t\t\t\t\t<\/a>\n\t\t\t\t\t\t\t\t\t\t\t\t\t<\/div>\n\t\t\t\t\t\t<div class=\"evgovt-content\">\n\t\t\t\t\t\t\t\n\t\t\t\t\t\t\t\t\t\t\t\t\t\t\t\t\t\t\t\t\t<div class=\"post-title\">\n\t\t\t\t\t\t\t\t<a href=\"https:\/\/cadredevie.sn\/index.php\/2025\/08\/25\/partenariat-dgcv-sen-csu\/\" rel=\"bookmark\" title=\"Partenariat DGCV \u2013 Sen CSU\">\n\t\t\t\t\t\t\t\t\t<h2 class=\"post-title\">Partenariat DGCV \u2013 Sen CSU<\/h2>\n\t\t\t\t\t\t\t    <\/a>\n\t\t\t\t\t\t\t<\/div>\n\t\t\t\t\t\t\t\t\t\t\t\t\t\t\t\t\t\t\t\t\t<div class=\"post-footer\">\n\t\t\t\t\t\t\t\t<div class=\"egovt-post-readmore\">\n\t\t\t\t\t\t\t\t    <a class=\"btn-readmore second_font\" href=\"https:\/\/cadredevie.sn\/index.php\/2025\/08\/25\/partenariat-dgcv-sen-csu\/\">\n\t\t\t\t\t\t\t\t    \tEn savoir plus\t\t\t\t\t\t\t\t    \t<i data-feather=\"arrow-right\"><\/i>\n\t\t\t\t\t\t\t\t    <\/a>\n\t\t\t\t\t\t\t\t<\/div>\n\t\t\t\t\t\t\t<\/div>\n\t\t\t\t\t\t\t\t\t\t\t\t\t<\/div>\n\t\t\t\t\t<\/div>\n\t\t\t\t<\/article>\n\t\t\t\t\t\t<\/div>\n\t\t<\/div>\n\t\t\t\t\t\t<\/div>\n\t\t\t\t<\/div>\n\t\t\t\t\t<\/div>\n\t\t\t\t<\/div>\n\t\t\t\t<\/div>\n\t\t","protected":false},"excerpt":{"rendered":"<p>Sensibilisation \u00e0 Gu\u00e9diawaye sur l\u2019espace public En savoir plus Op\u00e9ration nationale \u201cSETAL SUNU GOX\u201d \u00e0 Touba En savoir plus Reboisement \u00e0 Keur Massar En savoir plus Convention de partenariat entre la Direction g\u00e9n\u00e9rale du Cadre de Vie et Sen CSU En savoir plus<\/p>\n","protected":false},"author":1,"featured_media":6510,"parent":0,"menu_order":0,"comment_status":"closed","ping_status":"closed","template":"","meta":{"give_campaign_id":0,"footnotes":""},"class_list":["post-70","page","type-page","status-publish","has-post-thumbnail","hentry"],"campaignId":"","_links":{"self":[{"href":"https:\/\/cadredevie.sn\/index.php\/wp-json\/wp\/v2\/pages\/70","targetHints":{"allow":["GET"]}}],"collection":[{"href":"https:\/\/cadredevie.sn\/index.php\/wp-json\/wp\/v2\/pages"}],"about":[{"href":"https:\/\/cadredevie.sn\/index.php\/wp-json\/wp\/v2\/types\/page"}],"author":[{"embeddable":true,"href":"https:\/\/cadredevie.sn\/index.php\/wp-json\/wp\/v2\/users\/1"}],"replies":[{"embeddable":true,"href":"https:\/\/cadredevie.sn\/index.php\/wp-json\/wp\/v2\/comments?post=70"}],"version-history":[{"count":21,"href":"https:\/\/cadredevie.sn\/index.php\/wp-json\/wp\/v2\/pages\/70\/revisions"}],"predecessor-version":[{"id":8637,"href":"https:\/\/cadredevie.sn\/index.php\/wp-json\/wp\/v2\/pages\/70\/revisions\/8637"}],"wp:featuredmedia":[{"embeddable":true,"href":"https:\/\/cadredevie.sn\/index.php\/wp-json\/wp\/v2\/media\/6510"}],"wp:attachment":[{"href":"https:\/\/cadredevie.sn\/index.php\/wp-json\/wp\/v2\/media?parent=70"}],"curies":[{"name":"wp","href":"https:\/\/api.w.org\/{rel}","templated":true}]}}