{"id":7128,"date":"2026-01-25T16:12:42","date_gmt":"2026-01-25T16:12:42","guid":{"rendered":"https:\/\/cadredevie.sn\/?page_id=7128"},"modified":"2026-01-25T16:21:31","modified_gmt":"2026-01-25T16:21:31","slug":"evenements","status":"publish","type":"page","link":"https:\/\/cadredevie.sn\/index.php\/evenements\/","title":{"rendered":"\u00c9v\u00e9nements"},"content":{"rendered":"\t\t<div data-elementor-type=\"wp-page\" data-elementor-id=\"7128\" class=\"elementor elementor-7128\">\n\t\t\t\t<div class=\"elementor-element elementor-element-3d56b5d e-flex e-con-boxed e-con e-parent\" data-id=\"3d56b5d\" data-element_type=\"container\" data-e-type=\"container\">\n\t\t\t\t\t<div class=\"e-con-inner\">\n\t\t\t\t<div class=\"elementor-element elementor-element-92b61b7 elementor-widget elementor-widget-ova_events_cat\" data-id=\"92b61b7\" data-element_type=\"widget\" data-e-type=\"widget\" data-widget_type=\"ova_events_cat.default\">\n\t\t\t\t<div class=\"elementor-widget-container\">\n\t\t\t\t\t\n<div class=\"ovaev-event-element version_1\">\n\t\t\t<h2 class=\"title-event\">\n\t\t\t\u00c9v\u00e9nements \u00e0 venir\t\t<\/h2>\n\t\t\t<div class=\"item\">\n\t\t\t\t\t<h3 class=\"title\">\n\t\t\t\t<a class=\"second_font\" href=\"https:\/\/cadredevie.sn\/index.php\/event\/ceremonie-lancement-projet-cices\/\">\n\t\t\t\t\tC\u00e9r\u00e9monie de lancement du projet CICES\t\t\t\t<\/a>\n\t\t\t<\/h3>\n\t\t\t\t\t\t\t<div class=\"time-event\">\n\t\t\t\t\t\t\t\t\t<div class=\"time\">\n\t\t\t\t\t\t\t\t\t\t\t\t\t\t\t\t\t\t\t\t\t<span>28 f\u00e9vrier 2026<\/span>\n\t\t\t\t\t\t\t\t\t\t\t\t\t\t\t\t\t\t<\/div>\n\t\t\t\t\t\t\t<\/div>\n\t\t\t<\/div>\n\t<div class=\"item\">\n\t\t\t\t\t<h3 class=\"title\">\n\t\t\t\t<a class=\"second_font\" href=\"https:\/\/cadredevie.sn\/index.php\/event\/lancement-cartes-assurance-maladie-xny\/\">\n\t\t\t\t\tC\u00e9r\u00e9monie de lancement des cartes d\u2019assurance maladie des agents XNY\t\t\t\t<\/a>\n\t\t\t<\/h3>\n\t\t\t\t\t\t\t<div class=\"time-event\">\n\t\t\t\t\t\t\t\t\t<div class=\"time\">\n\t\t\t\t\t\t\t\t\t\t\t\t\t\t\t\t\t\t\t\t\t<span>1 mars 2026<\/span>\n\t\t\t\t\t\t\t\t\t\t\t\t\t\t\t\t\t\t<\/div>\n\t\t\t\t\t\t\t<\/div>\n\t\t\t<\/div>\n<\/div>\t\t\t\t<\/div>\n\t\t\t\t<\/div>\n\t\t\t\t\t<\/div>\n\t\t\t\t<\/div>\n\t\t\t\t<\/div>\n\t\t","protected":false},"excerpt":{"rendered":"<p>\u00c9v\u00e9nements \u00e0 venir Journ\u00e9e Nationale du Cadre de Vie &#038; de l\u2019Environnement avril 22, 2026 Grande op\u00e9ration \u201cVille propre \u2013 Dakar 2026&Prime; juin 10, 2026 @ 8:00 am &#8211; 7:00 pm<\/p>\n","protected":false},"author":1,"featured_media":6510,"parent":0,"menu_order":0,"comment_status":"closed","ping_status":"closed","template":"","meta":{"give_campaign_id":0,"footnotes":""},"class_list":["post-7128","page","type-page","status-publish","has-post-thumbnail","hentry"],"campaignId":"","_links":{"self":[{"href":"https:\/\/cadredevie.sn\/index.php\/wp-json\/wp\/v2\/pages\/7128","targetHints":{"allow":["GET"]}}],"collection":[{"href":"https:\/\/cadredevie.sn\/index.php\/wp-json\/wp\/v2\/pages"}],"about":[{"href":"https:\/\/cadredevie.sn\/index.php\/wp-json\/wp\/v2\/types\/page"}],"author":[{"embeddable":true,"href":"https:\/\/cadredevie.sn\/index.php\/wp-json\/wp\/v2\/users\/1"}],"replies":[{"embeddable":true,"href":"https:\/\/cadredevie.sn\/index.php\/wp-json\/wp\/v2\/comments?post=7128"}],"version-history":[{"count":8,"href":"https:\/\/cadredevie.sn\/index.php\/wp-json\/wp\/v2\/pages\/7128\/revisions"}],"predecessor-version":[{"id":7136,"href":"https:\/\/cadredevie.sn\/index.php\/wp-json\/wp\/v2\/pages\/7128\/revisions\/7136"}],"wp:featuredmedia":[{"embeddable":true,"href":"https:\/\/cadredevie.sn\/index.php\/wp-json\/wp\/v2\/media\/6510"}],"wp:attachment":[{"href":"https:\/\/cadredevie.sn\/index.php\/wp-json\/wp\/v2\/media?parent=7128"}],"curies":[{"name":"wp","href":"https:\/\/api.w.org\/{rel}","templated":true}]}}