{"id":823,"date":"2020-08-01T09:09:05","date_gmt":"2020-08-01T09:09:05","guid":{"rendered":"https:\/\/uooruxa.cluster100.hosting.ovh.net\/?page_id=823"},"modified":"2026-02-10T16:16:54","modified_gmt":"2026-02-10T16:16:54","slug":"services-aux-usagers","status":"publish","type":"page","link":"https:\/\/cadredevie.sn\/index.php\/services-aux-usagers\/","title":{"rendered":"Services aux usagers"},"content":{"rendered":"\t\t<div data-elementor-type=\"wp-page\" data-elementor-id=\"823\" class=\"elementor elementor-823\">\n\t\t\t\t\t\t<section class=\"elementor-section elementor-top-section elementor-element elementor-element-20bdae5 elementor-section-stretched elementor-section-boxed elementor-section-height-default elementor-section-height-default\" data-id=\"20bdae5\" data-element_type=\"section\" data-e-type=\"section\" data-settings=\"{&quot;background_background&quot;:&quot;slideshow&quot;,&quot;stretch_section&quot;:&quot;section-stretched&quot;,&quot;background_slideshow_gallery&quot;:[{&quot;id&quot;:8192,&quot;url&quot;:&quot;http:\\\/\\\/cadredevie.sn\\\/wp-content\\\/uploads\\\/2026\\\/02\\\/Hero-Services.png&quot;}],&quot;background_slideshow_slide_duration&quot;:9000,&quot;background_slideshow_ken_burns&quot;:&quot;yes&quot;,&quot;animation&quot;:&quot;none&quot;,&quot;background_slideshow_loop&quot;:&quot;yes&quot;,&quot;background_slideshow_slide_transition&quot;:&quot;fade&quot;,&quot;background_slideshow_transition_duration&quot;:500,&quot;background_slideshow_ken_burns_zoom_direction&quot;:&quot;in&quot;}\">\n\t\t\t\t\t\t\t<div class=\"elementor-background-overlay\"><\/div>\n\t\t\t\t\t\t\t<div class=\"elementor-container elementor-column-gap-default\">\n\t\t\t\t\t<div class=\"elementor-column elementor-col-100 elementor-top-column elementor-element elementor-element-e7ff9b6\" data-id=\"e7ff9b6\" data-element_type=\"column\" data-e-type=\"column\">\n\t\t\t<div class=\"elementor-widget-wrap elementor-element-populated\">\n\t\t\t\t\t\t<div class=\"elementor-element elementor-element-5742906 elementor-widget elementor-widget-heading\" data-id=\"5742906\" data-element_type=\"widget\" data-e-type=\"widget\" data-widget_type=\"heading.default\">\n\t\t\t\t\t<h2 class=\"elementor-heading-title elementor-size-default\">SERVICES AUX USAGERS<\/h2>\t\t\t\t<\/div>\n\t\t\t\t\t<\/div>\n\t\t<\/div>\n\t\t\t\t\t<\/div>\n\t\t<\/section>\n\t\t\t\t<section class=\"elementor-section elementor-top-section elementor-element elementor-element-d3b36c3 elementor-section-boxed elementor-section-height-default elementor-section-height-default\" data-id=\"d3b36c3\" data-element_type=\"section\" data-e-type=\"section\">\n\t\t\t\t\t\t<div class=\"elementor-container elementor-column-gap-default\">\n\t\t\t\t\t<div class=\"elementor-column elementor-col-100 elementor-top-column elementor-element elementor-element-ab3863c\" data-id=\"ab3863c\" data-element_type=\"column\" data-e-type=\"column\">\n\t\t\t<div class=\"elementor-widget-wrap elementor-element-populated\">\n\t\t\t\t\t\t<div class=\"elementor-element elementor-element-f2183c3 elementor-widget elementor-widget-ova_archive_sev\" data-id=\"f2183c3\" data-element_type=\"widget\" data-e-type=\"widget\" data-widget_type=\"ova_archive_sev.default\">\n\t\t\t\t<div class=\"elementor-widget-container\">\n\t\t\t\t\t\n<div class=\"ova_archive_sev archive_sev two_column\">\n\t<div class=\"content\">\n\t\t<div class=\"wp-content\">\n\t\t\t\t\t<div class=\"items elementor-items\">\n\t\t\t\t<div class=\"wp-items\">\n\t\t\t\t\t\t\t\t\t\t\t<div class=\"icon\">\n\t\t\t\t\t\t\t<span class=\"lnr lnr-trash\"><\/span>\n\t\t\t\t\t\t<\/div>\n\t\t\t\t\t\t\t\t\t\t\t\t\t\t\t\t<h3 class=\"title\">\n\t\t\t\t\t\t\t<a class=\"second_font\" href=\"https:\/\/cadredevie.sn\/index.php\/ova_sev\/appui-proprete-urbaine\/\">\n\t\t\t\t\t\t\t\tAppui \u00e0 la propret\u00e9 urbaine\t\t\t\t\t\t\t<\/a>\n\t\t\t\t\t\t<\/h3>\n\t\t\t\t\t\t\t\t\t\t\t\t\t\t\t\t<div class=\"content-sub\">\n\t\t\t\t\t\t\t\t\t\t\t\t\t\t\t<p class=\"excerpt\">\n\t\t\t\t\t\t\t\t\tAccompagnement des collectivit\u00e9s et des acteurs locaux pour am\u00e9liorer durablement la propret\u00e9 des espaces publics.\t\t\t\t\t\t\t\t<\/p>\n\t\t\t\t\t\t\t\t\t\t\t\t\t\t\t\t\t\t\t\t\t\t<a href=\"https:\/\/cadredevie.sn\/index.php\/ova_sev\/appui-proprete-urbaine\/\" class=\"second_font readmore\">\n\t\t\t\t\t\t\t\t\tEn savoir plus\t\t\t\t\t\t\t\t\t<i data-feather=\"arrow-right\"><\/i>\n\t\t\t\t\t\t\t\t<\/a>\n\t\t\t\t\t\t\t\t\t\t\t\t\t<\/div>\n\t\t\t\t\t\t\t\t\t\t\t\t\t\t\t\t<div class=\"icon-hide\">\n\t\t\t\t\t\t\t<span class=\"lnr lnr-trash\"><\/span>\n\t\t\t\t\t\t<\/div>\n\t\t\t\t\t\t\t\t\t<\/div>\n\t\t\t<\/div>\n\t\t\t\t\t<div class=\"items elementor-items\">\n\t\t\t\t<div class=\"wp-items\">\n\t\t\t\t\t\t\t\t\t\t\t<div class=\"icon\">\n\t\t\t\t\t\t\t<span class=\"flaticon-park\"><\/span>\n\t\t\t\t\t\t<\/div>\n\t\t\t\t\t\t\t\t\t\t\t\t\t\t\t\t<h3 class=\"title\">\n\t\t\t\t\t\t\t<a class=\"second_font\" href=\"https:\/\/cadredevie.sn\/index.php\/ova_sev\/amenagement-embellissement\/\">\n\t\t\t\t\t\t\t\tAm\u00e9nagement &#038; Embellissement\t\t\t\t\t\t\t<\/a>\n\t\t\t\t\t\t<\/h3>\n\t\t\t\t\t\t\t\t\t\t\t\t\t\t\t\t<div class=\"content-sub\">\n\t\t\t\t\t\t\t\t\t\t\t\t\t\t\t<p class=\"excerpt\">\n\t\t\t\t\t\t\t\t\tPropositions et demandes pour l\u2019am\u00e9nagement, le reboisement et l\u2019embellissement des quartiers et espaces de vie.\t\t\t\t\t\t\t\t<\/p>\n\t\t\t\t\t\t\t\t\t\t\t\t\t\t\t\t\t\t\t\t\t\t<a href=\"https:\/\/cadredevie.sn\/index.php\/ova_sev\/amenagement-embellissement\/\" class=\"second_font readmore\">\n\t\t\t\t\t\t\t\t\tEn savoir plus\t\t\t\t\t\t\t\t\t<i data-feather=\"arrow-right\"><\/i>\n\t\t\t\t\t\t\t\t<\/a>\n\t\t\t\t\t\t\t\t\t\t\t\t\t<\/div>\n\t\t\t\t\t\t\t\t\t\t\t\t\t\t\t\t<div class=\"icon-hide\">\n\t\t\t\t\t\t\t<span class=\"flaticon-park\"><\/span>\n\t\t\t\t\t\t<\/div>\n\t\t\t\t\t\t\t\t\t<\/div>\n\t\t\t<\/div>\n\t\t\t\t\t<div class=\"items elementor-items\">\n\t\t\t\t<div class=\"wp-items\">\n\t\t\t\t\t\t\t\t\t\t\t<div class=\"icon\">\n\t\t\t\t\t\t\t<span class=\"lnr lnr-pencil\"><\/span>\n\t\t\t\t\t\t<\/div>\n\t\t\t\t\t\t\t\t\t\t\t\t\t\t\t\t<h3 class=\"title\">\n\t\t\t\t\t\t\t<a class=\"second_font\" href=\"https:\/\/cadredevie.sn\/index.php\/ova_sev\/boite-a-idees\/\">\n\t\t\t\t\t\t\t\tBo\u00eete \u00e0 id\u00e9es\t\t\t\t\t\t\t<\/a>\n\t\t\t\t\t\t<\/h3>\n\t\t\t\t\t\t\t\t\t\t\t\t\t\t\t\t<div class=\"content-sub\">\n\t\t\t\t\t\t\t\t\t\t\t\t\t\t\t<p class=\"excerpt\">\n\t\t\t\t\t\t\t\t\tPartagez vos id\u00e9es, suggestions et propositions pour contribuer \u00e0 l\u2019am\u00e9lioration durable du cadre de vie.\t\t\t\t\t\t\t\t<\/p>\n\t\t\t\t\t\t\t\t\t\t\t\t\t\t\t\t\t\t\t\t\t\t<a href=\"https:\/\/cadredevie.sn\/index.php\/ova_sev\/boite-a-idees\/\" class=\"second_font readmore\">\n\t\t\t\t\t\t\t\t\tEn savoir plus\t\t\t\t\t\t\t\t\t<i data-feather=\"arrow-right\"><\/i>\n\t\t\t\t\t\t\t\t<\/a>\n\t\t\t\t\t\t\t\t\t\t\t\t\t<\/div>\n\t\t\t\t\t\t\t\t\t\t\t\t\t\t\t\t<div class=\"icon-hide\">\n\t\t\t\t\t\t\t<span class=\"lnr lnr-pencil\"><\/span>\n\t\t\t\t\t\t<\/div>\n\t\t\t\t\t\t\t\t\t<\/div>\n\t\t\t<\/div>\n\t\t\t\t\t<div class=\"items elementor-items\">\n\t\t\t\t<div class=\"wp-items\">\n\t\t\t\t\t\t\t\t\t\t\t<div class=\"icon\">\n\t\t\t\t\t\t\t<span class=\"lnr lnr-construction\"><\/span>\n\t\t\t\t\t\t<\/div>\n\t\t\t\t\t\t\t\t\t\t\t\t\t\t\t\t<h3 class=\"title\">\n\t\t\t\t\t\t\t<a class=\"second_font\" href=\"https:\/\/cadredevie.sn\/index.php\/ova_sev\/signalement-encombrements\/\">\n\t\t\t\t\t\t\t\tSignalements &#038; Encombrements\t\t\t\t\t\t\t<\/a>\n\t\t\t\t\t\t<\/h3>\n\t\t\t\t\t\t\t\t\t\t\t\t\t\t\t\t<div class=\"content-sub\">\n\t\t\t\t\t\t\t\t\t\t\t\t\t\t\t<p class=\"excerpt\">\n\t\t\t\t\t\t\t\t\tSignalez la pr\u00e9sence d\u2019encombrements, de d\u00e9p\u00f4ts sauvages ou de situations n\u00e9cessitant une intervention des services comp\u00e9tents.\t\t\t\t\t\t\t\t<\/p>\n\t\t\t\t\t\t\t\t\t\t\t\t\t\t\t\t\t\t\t\t\t\t<a href=\"https:\/\/cadredevie.sn\/index.php\/ova_sev\/signalement-encombrements\/\" class=\"second_font readmore\">\n\t\t\t\t\t\t\t\t\tEn savoir plus\t\t\t\t\t\t\t\t\t<i data-feather=\"arrow-right\"><\/i>\n\t\t\t\t\t\t\t\t<\/a>\n\t\t\t\t\t\t\t\t\t\t\t\t\t<\/div>\n\t\t\t\t\t\t\t\t\t\t\t\t\t\t\t\t<div class=\"icon-hide\">\n\t\t\t\t\t\t\t<span class=\"lnr lnr-construction\"><\/span>\n\t\t\t\t\t\t<\/div>\n\t\t\t\t\t\t\t\t\t<\/div>\n\t\t\t<\/div>\n\t\t\t\t<\/div>\n\t<\/div>\n<\/div>\t\t\t\t<\/div>\n\t\t\t\t<\/div>\n\t\t\t\t\t<\/div>\n\t\t<\/div>\n\t\t\t\t\t<\/div>\n\t\t<\/section>\n\t\t\t\t<\/div>\n\t\t","protected":false},"excerpt":{"rendered":"<p>SERVICES AUX USAGERS Appui \u00e0 la propret\u00e9 urbaine Accompagnement des collectivit\u00e9s et des acteurs locaux pour am\u00e9liorer durablement la propret\u00e9 des espaces publics. En savoir plus Am\u00e9nagement &#038; Embellissement Propositions et demandes pour l\u2019am\u00e9nagement, le reboisement et l\u2019embellissement des quartiers et espaces de vie. En savoir plus Bo\u00eete \u00e0 id\u00e9es Partagez vos id\u00e9es, suggestions et [&hellip;]<\/p>\n","protected":false},"author":1,"featured_media":859,"parent":0,"menu_order":0,"comment_status":"closed","ping_status":"closed","template":"elementor_header_footer","meta":{"give_campaign_id":0,"footnotes":""},"class_list":["post-823","page","type-page","status-publish","has-post-thumbnail","hentry"],"campaignId":"","_links":{"self":[{"href":"https:\/\/cadredevie.sn\/index.php\/wp-json\/wp\/v2\/pages\/823","targetHints":{"allow":["GET"]}}],"collection":[{"href":"https:\/\/cadredevie.sn\/index.php\/wp-json\/wp\/v2\/pages"}],"about":[{"href":"https:\/\/cadredevie.sn\/index.php\/wp-json\/wp\/v2\/types\/page"}],"author":[{"embeddable":true,"href":"https:\/\/cadredevie.sn\/index.php\/wp-json\/wp\/v2\/users\/1"}],"replies":[{"embeddable":true,"href":"https:\/\/cadredevie.sn\/index.php\/wp-json\/wp\/v2\/comments?post=823"}],"version-history":[{"count":29,"href":"https:\/\/cadredevie.sn\/index.php\/wp-json\/wp\/v2\/pages\/823\/revisions"}],"predecessor-version":[{"id":8989,"href":"https:\/\/cadredevie.sn\/index.php\/wp-json\/wp\/v2\/pages\/823\/revisions\/8989"}],"wp:featuredmedia":[{"embeddable":true,"href":"https:\/\/cadredevie.sn\/index.php\/wp-json\/wp\/v2\/media\/859"}],"wp:attachment":[{"href":"https:\/\/cadredevie.sn\/index.php\/wp-json\/wp\/v2\/media?parent=823"}],"curies":[{"name":"wp","href":"https:\/\/api.w.org\/{rel}","templated":true}]}}